{"id":5253,"date":"2024-01-24T17:36:21","date_gmt":"2024-01-24T16:36:21","guid":{"rendered":"https:\/\/magictowns.it\/?page_id=5253"},"modified":"2026-03-31T16:41:25","modified_gmt":"2026-03-31T14:41:25","slug":"sich-anmelden","status":"publish","type":"page","link":"https:\/\/magictowns.it\/de\/log-in\/","title":{"rendered":"Anmeldung"},"content":{"rendered":"<h2 class=\"wp-block-heading has-text-align-center\">Erstellen Sie ein kostenloses Konto zum Lesen und Entdecken<\/h2>\n\n\n\n<p class=\"has-text-align-center\"><strong>Magic Towns ist die wichtigste Ressource f\u00fcr Auswanderer und Enthusiasten, mit Artikeln und Daten f\u00fcr Hunderte von St\u00e4dten<\/strong><\/p>\n\n\n<div class=\"nsl-container nsl-container-block\" data-align=\"left\"><div class=\"nsl-container-buttons\"><a href=\"https:\/\/magictowns.it\/wp-login.php?loginSocial=google&#038;redirect=https%3A%2F%2Fmagictowns.it%2Fde%2Fwp-json%2Fwp%2Fv2%2Fpages%2F5253\" rel=\"nofollow\" aria-label=\"Anmeldung mit &lt;b&gt;Google&lt;\/b&gt;\" data-plugin=\"nsl\" data-action=\"connect\" data-provider=\"google\" data-popupwidth=\"600\" data-popupheight=\"600\" data-e-disable-page-transition=\"1\"><div class=\"nsl-button nsl-button-default nsl-button-google\" data-skin=\"light\" style=\"background-color:#fff;\"><div class=\"nsl-button-svg-container\"><svg xmlns=\"http:\/\/www.w3.org\/2000\/svg\" width=\"24\" height=\"24\" viewbox=\"0 0 24 24\"><path fill=\"#4285F4\" d=\"M20.64 12.2045c0-.6381-.0573-1.2518-.1636-1.8409H12v3.4814h4.8436c-.2086 1.125-.8427 2.0782-1.7959 2.7164v2.2581h2.9087c1.7018-1.5668 2.6836-3.874 2.6836-6.615z\"><\/path><path fill=\"#34A853\" d=\"M12 21c2.43 0 4.4673-.806 5.9564-2.1805l-2.9087-2.2581c-.8059.54-1.8368.859-3.0477.859-2.344 0-4.3282-1.5831-5.036-3.7104H3.9574v2.3318C5.4382 18.9832 8.4818 21 12 21z\"><\/path><path fill=\"#FBBC05\" d=\"M6.964 13.71c-.18-.54-.2822-1.1168-.2822-1.71s.1023-1.17.2823-1.71V7.9582H3.9573A8.9965 8.9965 0 0 0 3 12c0 1.4523.3477 2.8268.9573 4.0418L6.964 13.71z\"><\/path><path fill=\"#EA4335\" d=\"M12 6.5795c1.3214 0 2.5077.4541 3.4405 1.346l2.5813-2.5814C16.4632 3.8918 14.426 3 12 3 8.4818 3 5.4382 5.0168 3.9573 7.9582L6.964 10.29C7.6718 8.1627 9.6559 6.5795 12 6.5795z\"><\/path><\/svg><\/div><div class=\"nsl-button-label-container\">Anmeldung mit <b>Google<\/b><\/div><\/div><\/a><a href=\"https:\/\/magictowns.it\/wp-login.php?loginSocial=twitter&#038;redirect=https%3A%2F%2Fmagictowns.it%2Fde%2Fwp-json%2Fwp%2Fv2%2Fpages%2F5253\" rel=\"nofollow\" aria-label=\"Weiter mit &lt;b&gt;X&lt;\/b&gt;\" data-plugin=\"nsl\" data-action=\"connect\" data-provider=\"twitter\" data-popupwidth=\"600\" data-popupheight=\"600\" data-e-disable-page-transition=\"1\"><div class=\"nsl-button nsl-button-default nsl-button-twitter\" data-skin=\"x\" style=\"background-color:#000000;\"><div class=\"nsl-button-svg-container\"><svg width=\"24\" height=\"24\" fill=\"none\" xmlns=\"http:\/\/www.w3.org\/2000\/svg\"><path d=\"M13.712 10.622 20.413 3h-1.587l-5.819 6.618L8.36 3H3l7.027 10.007L3 21h1.588l6.144-6.989L15.64 21H21l-7.288-10.378Zm-2.175 2.474-.712-.997L5.16 4.17H7.6l4.571 6.4.712.996 5.943 8.319h-2.439l-4.85-6.788Z\" fill=\"#fff\"\/><defs><path fill=\"#fff\" d=\"M0 0h24v24H0z\"\/><\/defs><\/svg><\/div><div class=\"nsl-button-label-container\">Weiter mit <b>X<\/b><\/div><\/div><\/a><\/div><\/div>","protected":false},"excerpt":{"rendered":"<p>Erstellen Sie ein kostenloses Konto, um zu lesen und zu erkunden Magic Towns ist die erste Ressource f\u00fcr Expats und Enthusiasten, mit Artikeln...<\/p>","protected":false},"author":1,"featured_media":0,"parent":0,"menu_order":0,"comment_status":"closed","ping_status":"closed","template":"","meta":{"_acf_changed":false,"_helpful_status":1,"sync_status":"","episode_type":"","audio_file":"","podmotor_file_id":"","podmotor_episode_id":"","castos_file_data":"","cover_image":"","cover_image_id":"","duration":"","filesize":"","filesize_raw":"","date_recorded":"","explicit":"","block":"","itunes_episode_number":"","itunes_title":"","itunes_season_number":"","itunes_episode_type":"","footnotes":""},"class_list":["post-5253","page","type-page","status-publish"],"acf":[],"_links":{"self":[{"href":"https:\/\/magictowns.it\/de\/wp-json\/wp\/v2\/pages\/5253","targetHints":{"allow":["GET"]}}],"collection":[{"href":"https:\/\/magictowns.it\/de\/wp-json\/wp\/v2\/pages"}],"about":[{"href":"https:\/\/magictowns.it\/de\/wp-json\/wp\/v2\/types\/page"}],"author":[{"embeddable":true,"href":"https:\/\/magictowns.it\/de\/wp-json\/wp\/v2\/users\/1"}],"replies":[{"embeddable":true,"href":"https:\/\/magictowns.it\/de\/wp-json\/wp\/v2\/comments?post=5253"}],"version-history":[{"count":3,"href":"https:\/\/magictowns.it\/de\/wp-json\/wp\/v2\/pages\/5253\/revisions"}],"predecessor-version":[{"id":47964,"href":"https:\/\/magictowns.it\/de\/wp-json\/wp\/v2\/pages\/5253\/revisions\/47964"}],"wp:attachment":[{"href":"https:\/\/magictowns.it\/de\/wp-json\/wp\/v2\/media?parent=5253"}],"curies":[{"name":"wp","href":"https:\/\/api.w.org\/{rel}","templated":true}]}}