{"id":10129,"date":"2024-04-25T13:21:39","date_gmt":"2024-04-25T11:21:39","guid":{"rendered":"https:\/\/magictowns.it\/?page_id=10129"},"modified":"2026-02-07T11:17:27","modified_gmt":"2026-02-07T10:17:27","slug":"vores-mission","status":"publish","type":"page","link":"https:\/\/magictowns.it\/da\/our-mission\/","title":{"rendered":"Vores mission"},"content":{"rendered":"<div data-elementor-type=\"wp-page\" data-elementor-id=\"10129\" class=\"elementor elementor-10129\" data-elementor-post-type=\"page\">\n\t\t\t\t\t\t<section class=\"elementor-section elementor-top-section elementor-element elementor-element-24fe3041 elementor-section-boxed elementor-section-height-default elementor-section-height-default\" data-id=\"24fe3041\" data-element_type=\"section\" data-e-type=\"section\" data-settings=\"{&quot;background_background&quot;:&quot;classic&quot;}\">\r\n\t\t\t\t\t\t\t<div class=\"elementor-background-overlay\"><\/div>\r\n\t\t\t\t\t\t\t<div class=\"elementor-container elementor-column-gap-thegem\"><div class=\"elementor-row\">\r\n\t\t\t\t\t<div class=\"elementor-column elementor-col-100 elementor-top-column elementor-element elementor-element-2ff35e7c\" data-id=\"2ff35e7c\" data-element_type=\"column\" data-e-type=\"column\">\n\t\t\t<div class=\"elementor-widget-wrap elementor-element-populated\">\n\t\t\t\t\t\t<div class=\"elementor-element elementor-element-1e246b4e flex-horizontal-align-default flex-horizontal-align-tablet-default flex-horizontal-align-mobile-default flex-vertical-align-default flex-vertical-align-tablet-default flex-vertical-align-mobile-default elementor-widget elementor-widget-text-editor\" data-id=\"1e246b4e\" data-element_type=\"widget\" data-e-type=\"widget\" data-widget_type=\"text-editor.default\">\n\t\t\t\t\t\t\t\t\t\t\t\t<div class=\"elementor-text-editor elementor-clearfix\">\r\n\t\t\t\t\t\t<h1>Vores <span style=\"color: #ffffff;\"><span style=\"color: #ffa801;\">vision<\/span><\/span><\/h1>\t\t\t\t\t\t\t<\/div>\r\n\t\t\t\t\t\t\t\t\t\t<\/div>\n\t\t\t\t<div class=\"elementor-element elementor-element-1725d91b elementor-widget__width-initial flex-horizontal-align-default flex-horizontal-align-tablet-default flex-horizontal-align-mobile-default flex-vertical-align-default flex-vertical-align-tablet-default flex-vertical-align-mobile-default elementor-widget elementor-widget-heading\" data-id=\"1725d91b\" data-element_type=\"widget\" data-e-type=\"widget\" data-widget_type=\"heading.default\">\n\t\t\t\t\t<div class=\"styled-subtitle elementor-heading-title elementor-size-default\">Magic Towns, der er etableret af expats for expats, s\u00e6tter pris p\u00e5 den sp\u00e6ndende, men ogs\u00e5 skr\u00e6mmende proces, det er at starte p\u00e5 en frisk i et fremmed land. Vi har v\u00e6ret de nyankomne, der har arbejdet os gennem ukendte gader, fortolket lokale skikke og s\u00f8gt efter de hemmelige juveler, som kun de lokale synes at have kendskab til. Vores vision er at udstyre dig med omfattende data og insiderviden og lede dig v\u00e6k fra turistsporene for at finde dit ideelle fristed, hvad enten det er en travl metropol eller en fredelig landsby.<\/div>\t\t\t\t<\/div>\n\t\t\t\t\t<\/div>\n\t\t<\/div>\n\t\t\t\t\t<\/div><\/div>\r\n\t\t<\/section>\r\n\t\t\t\t<section class=\"elementor-section elementor-top-section elementor-element elementor-element-3410694e elementor-section-boxed elementor-section-height-default elementor-section-height-default\" data-id=\"3410694e\" data-element_type=\"section\" data-e-type=\"section\">\r\n\t\t\t\t\t\t<div class=\"elementor-container elementor-column-gap-thegem\"><div class=\"elementor-row\">\r\n\t\t\t\t\t<div class=\"elementor-column elementor-col-100 elementor-top-column elementor-element elementor-element-59a81459\" data-id=\"59a81459\" data-element_type=\"column\" data-e-type=\"column\">\n\t\t\t<div class=\"elementor-widget-wrap elementor-element-populated\">\n\t\t\t\t\t\t<section class=\"elementor-section elementor-inner-section elementor-element elementor-element-120ec7f9 elementor-section-boxed elementor-section-height-default elementor-section-height-default\" data-id=\"120ec7f9\" data-element_type=\"section\" data-e-type=\"section\">\r\n\t\t\t\t\t\t<div class=\"elementor-container elementor-column-gap-thegem\"><div class=\"elementor-row\">\r\n\t\t\t\t\t<div class=\"elementor-column elementor-col-33 elementor-inner-column elementor-element elementor-element-30acdb26\" data-id=\"30acdb26\" data-element_type=\"column\" data-e-type=\"column\">\n\t\t\t<div class=\"elementor-widget-wrap elementor-element-populated\">\n\t\t\t\t\t\t<div class=\"elementor-element elementor-element-314ddbf flex-horizontal-align-default flex-horizontal-align-tablet-default flex-horizontal-align-mobile-default flex-vertical-align-default flex-vertical-align-tablet-default flex-vertical-align-mobile-default elementor-widget elementor-widget-thegem-styled-textbox\" data-id=\"314ddbf\" data-element_type=\"widget\" data-e-type=\"widget\" data-settings=\"{&quot;thegem_elementor_preset&quot;:&quot;box&quot;}\" data-widget_type=\"thegem-styled-textbox.default\">\n\t\t\t\t<div class=\"elementor-widget-container\">\n\t\t\t\t\t\n<div class=\"gem-textbox styled-textbox-box\">\n\n\t\n\t\t<div class=\"gem-textbox-top gem-textbox-top-none default-fill\">\n\t\t\t\t\t<\/div>\n\t\n\t<div class=\"gem-textbox-inner\">\n\n\t\t<div class=\"gem-textbox-content bordered-box icon-top gem-textbox-icon-image-wrapping-none\">\n\n\t\t\t\t\t\t\t<div class=\"gem-texbox-icon-image-wrapper\">\n\n\t\t\t\t\t\t\t\t\t\t\t<div class=\"icon-top\">\n\t\t\t\t\t\t\t<div class=\"gem-textbox-icon\">\n\t\t\t\t\t\t\t\t<div class=\"elementor-icon\">\n\t\t\t\t\t\t\t\t\t<i aria-hidden=\"true\" class=\"gem-elegant icon-pin-alt\"><\/i>\t\t\t\t\t\t\t\t<\/div>\n\t\t\t\t\t\t\t<\/div>\n\t\t\t\t\t\t<\/div>\n\t\t\t\t\t\n\t\t\t\t\t\n\t\t\t\t<\/div>\n\t\t\t\n\t\t\t<div class=\"gem-texbox-text-wrapper\">\n\n\t\t\t\t\t\t\t\t\t\n\t\t\t\t\t\t<h3 class=\"gem-textbox-title title-h3 light\">\n\t\t\t\t\t\t\tGlat international flytning\t\t\t\t\t\t<\/h3>\n\n\t\t\t\t\t\n\t\t\t\t\t\n\t\t\t\t\t\t<div class=\"gem-textbox-description gem-text-output\">\n\t\t\t\t\t\t\t<div id=\"\" class=\"brz-css-kA8co brz-css-tPRzy brz-wrapper\"><div class=\"brz-icon-text brz-css-lqM4t\" data-brz-custom-id=\"b3CdfhT_w7JJ\"><div class=\"brz-text-btn\"><div class=\"brz-rich-text brz-rich-text__custom brz-css-yWzCf\" data-brz-custom-id=\"o1zGFmwYDxSE\"><div data-brz-translate-text=\"1\"><p class=\"brz-tp-lg-empty brz-ff-lato brz-ft-google brz-fs-lg-18 brz-fss-lg-px brz-fw-lg-400 brz-ls-lg-0_5 brz-lh-lg-1_6 brz-css-xeSox\" data-uniq-id=\"uomOw\" data-generated-css=\"brz-css-hhdrO\"><span style=\"font-weight: 400\">Start din expat-rejse med tryghed. Vi g\u00f8r din overgang smidig, s\u00e5 du kan koncentrere dig om sp\u00e6ndingen ved en ny start.<\/span><\/p><\/div><\/div><\/div><\/div><\/div><div id=\"\" class=\"brz-css-kA8co brz-css-sx5Y7 brz-css-sLWSH brz-wrapper\">\u00a0<\/div>\t\t\t\t\t\t<\/div>\n\n\t\t\t\t\t\n\t\t\t\t\n\t\t\t\t\n\t\t\t<\/div>\n\n\t\t<\/div>\n\n\t<\/div>\n\n\t\n\t\t<div class=\"gem-textbox-bottom gem-textbox-bottom-none default-fill\">\n\t\t\t\t<\/div>\n\t\n\t\n<\/div>\n\t\t\t\t<\/div>\n\t\t\t\t<\/div>\n\t\t\t\t\t<\/div>\n\t\t<\/div>\n\t\t\t\t<div class=\"elementor-column elementor-col-33 elementor-inner-column elementor-element elementor-element-417cc9f\" data-id=\"417cc9f\" data-element_type=\"column\" data-e-type=\"column\">\n\t\t\t<div class=\"elementor-widget-wrap elementor-element-populated\">\n\t\t\t\t\t\t<div class=\"elementor-element elementor-element-a9ab792 flex-horizontal-align-default flex-horizontal-align-tablet-default flex-horizontal-align-mobile-default flex-vertical-align-default flex-vertical-align-tablet-default flex-vertical-align-mobile-default elementor-widget elementor-widget-thegem-styled-textbox\" data-id=\"a9ab792\" data-element_type=\"widget\" data-e-type=\"widget\" data-settings=\"{&quot;thegem_elementor_preset&quot;:&quot;box&quot;}\" data-widget_type=\"thegem-styled-textbox.default\">\n\t\t\t\t<div class=\"elementor-widget-container\">\n\t\t\t\t\t\n<div class=\"gem-textbox styled-textbox-box\">\n\n\t\n\t\t<div class=\"gem-textbox-top gem-textbox-top-none default-fill\">\n\t\t\t\t\t<\/div>\n\t\n\t<div class=\"gem-textbox-inner\">\n\n\t\t<div class=\"gem-textbox-content bordered-box icon-top gem-textbox-icon-image-wrapping-none\">\n\n\t\t\t\t\t\t\t<div class=\"gem-texbox-icon-image-wrapper\">\n\n\t\t\t\t\t\t\t\t\t\t\t<div class=\"icon-top\">\n\t\t\t\t\t\t\t<div class=\"gem-textbox-icon\">\n\t\t\t\t\t\t\t\t<div class=\"elementor-icon\">\n\t\t\t\t\t\t\t\t\t<i aria-hidden=\"true\" class=\"gem-elegant icon-gift-alt\"><\/i>\t\t\t\t\t\t\t\t<\/div>\n\t\t\t\t\t\t\t<\/div>\n\t\t\t\t\t\t<\/div>\n\t\t\t\t\t\n\t\t\t\t\t\n\t\t\t\t<\/div>\n\t\t\t\n\t\t\t<div class=\"gem-texbox-text-wrapper\">\n\n\t\t\t\t\t\t\t\t\t\n\t\t\t\t\t\t<h3 class=\"gem-textbox-title title-h3 light\">\n\t\t\t\t\t\t\tOpdag skjulte expat-gl\u00e6der\t\t\t\t\t\t<\/h3>\n\n\t\t\t\t\t\n\t\t\t\t\t\n\t\t\t\t\t\t<div class=\"gem-textbox-description gem-text-output\">\n\t\t\t\t\t\t\t<div id=\"\" class=\"brz-css-kA8co brz-css-tPRzy brz-wrapper\"><div class=\"brz-icon-text brz-css-lqM4t\" data-brz-custom-id=\"b3CdfhT_w7JJ\"><div class=\"brz-text-btn\"><div class=\"brz-rich-text brz-rich-text__custom brz-css-yWzCf\" data-brz-custom-id=\"o1zGFmwYDxSE\"><div data-brz-translate-text=\"1\"><p class=\"brz-tp-lg-empty brz-ff-lato brz-ft-google brz-fs-lg-18 brz-fss-lg-px brz-fw-lg-400 brz-ls-lg-0_5 brz-lh-lg-1_6 brz-css-zdtwx\" data-generated-css=\"brz-css-qeB4K\" data-uniq-id=\"pd2WH\"><span style=\"font-weight: 400\">Vov dig ud over det s\u00e6dvanlige, og opdag verdens bedst bevarede expat-hemmeligheder. Lad os f\u00f8re dig til dit dr\u00f8mmested.<\/span><\/p><\/div><\/div><\/div><\/div><\/div>\t\t\t\t\t\t<\/div>\n\n\t\t\t\t\t\n\t\t\t\t\n\t\t\t\t\n\t\t\t<\/div>\n\n\t\t<\/div>\n\n\t<\/div>\n\n\t\n\t\t<div class=\"gem-textbox-bottom gem-textbox-bottom-none default-fill\">\n\t\t\t\t<\/div>\n\t\n\t\n<\/div>\n\t\t\t\t<\/div>\n\t\t\t\t<\/div>\n\t\t\t\t\t<\/div>\n\t\t<\/div>\n\t\t\t\t<div class=\"elementor-column elementor-col-33 elementor-inner-column elementor-element elementor-element-b395b91\" data-id=\"b395b91\" data-element_type=\"column\" data-e-type=\"column\">\n\t\t\t<div class=\"elementor-widget-wrap elementor-element-populated\">\n\t\t\t\t\t\t<div class=\"elementor-element elementor-element-780329f6 flex-horizontal-align-default flex-horizontal-align-tablet-default flex-horizontal-align-mobile-default flex-vertical-align-default flex-vertical-align-tablet-default flex-vertical-align-mobile-default elementor-widget elementor-widget-thegem-styled-textbox\" data-id=\"780329f6\" data-element_type=\"widget\" data-e-type=\"widget\" data-settings=\"{&quot;thegem_elementor_preset&quot;:&quot;box&quot;}\" data-widget_type=\"thegem-styled-textbox.default\">\n\t\t\t\t<div class=\"elementor-widget-container\">\n\t\t\t\t\t\n<div class=\"gem-textbox styled-textbox-box\">\n\n\t\n\t\t<div class=\"gem-textbox-top gem-textbox-top-none default-fill\">\n\t\t\t\t\t<\/div>\n\t\n\t<div class=\"gem-textbox-inner\">\n\n\t\t<div class=\"gem-textbox-content bordered-box icon-top gem-textbox-icon-image-wrapping-none\">\n\n\t\t\t\t\t\t\t<div class=\"gem-texbox-icon-image-wrapper\">\n\n\t\t\t\t\t\t\t\t\t\t\t<div class=\"icon-top\">\n\t\t\t\t\t\t\t<div class=\"gem-textbox-icon\">\n\t\t\t\t\t\t\t\t<div class=\"elementor-icon\">\n\t\t\t\t\t\t\t\t\t<i aria-hidden=\"true\" class=\"gem-mdi mdi-lock-open-outline\"><\/i>\t\t\t\t\t\t\t\t<\/div>\n\t\t\t\t\t\t\t<\/div>\n\t\t\t\t\t\t<\/div>\n\t\t\t\t\t\n\t\t\t\t\t\n\t\t\t\t<\/div>\n\t\t\t\n\t\t\t<div class=\"gem-texbox-text-wrapper\">\n\n\t\t\t\t\t\t\t\t\t\n\t\t\t\t\t\t<h3 class=\"gem-textbox-title title-h3 light\">\n\t\t\t\t\t\t\tTydelige, p\u00e5lidelige tjenester\t\t\t\t\t\t<\/h3>\n\n\t\t\t\t\t\n\t\t\t\t\t\n\t\t\t\t\t\t<div class=\"gem-textbox-description gem-text-output\">\n\t\t\t\t\t\t\t<div id=\"\" class=\"brz-css-kA8co brz-css-tPRzy brz-wrapper\"><div class=\"brz-icon-text brz-css-lqM4t\" data-brz-custom-id=\"b3CdfhT_w7JJ\"><div class=\"brz-text-btn\"><div class=\"brz-rich-text brz-rich-text__custom brz-css-yWzCf\" data-brz-custom-id=\"o1zGFmwYDxSE\"><div data-brz-translate-text=\"1\"><div id=\"\" class=\"brz-css-kA8co brz-css-sx5Y7 brz-css-onPop brz-wrapper\"><div class=\"brz-spacer brz-css-l_J5i brz-css-yryGc\"><span style=\"font-weight: 400\">Fra juridisk st\u00f8tte til lokal indsigt - vores godkendte tjenester er gennemsigtige og skr\u00e6ddersyet til dine specifikke flyttebehov.<\/span><\/div><\/div><\/div><\/div><\/div><\/div><\/div>\t\t\t\t\t\t<\/div>\n\n\t\t\t\t\t\n\t\t\t\t\n\t\t\t\t\n\t\t\t<\/div>\n\n\t\t<\/div>\n\n\t<\/div>\n\n\t\n\t\t<div class=\"gem-textbox-bottom gem-textbox-bottom-none default-fill\">\n\t\t\t\t<\/div>\n\t\n\t\n<\/div>\n\t\t\t\t<\/div>\n\t\t\t\t<\/div>\n\t\t\t\t\t<\/div>\n\t\t<\/div>\n\t\t\t\t\t<\/div><\/div>\r\n\t\t<\/section>\r\n\t\t\t\t\t<\/div>\n\t\t<\/div>\n\t\t\t\t\t<\/div><\/div>\r\n\t\t<\/section>\r\n\t\t\t\t<section class=\"elementor-section elementor-top-section elementor-element elementor-element-2e511805 elementor-section-boxed elementor-section-height-default elementor-section-height-default\" data-id=\"2e511805\" data-element_type=\"section\" data-e-type=\"section\" data-settings=\"{&quot;background_background&quot;:&quot;classic&quot;}\">\r\n\t\t\t\t\t\t\t<div class=\"elementor-background-overlay\"><\/div>\r\n\t\t\t\t\t\t\t<div class=\"elementor-container elementor-column-gap-thegem\"><div class=\"elementor-row\">\r\n\t\t\t\t\t<div class=\"elementor-column elementor-col-100 elementor-top-column elementor-element elementor-element-6c022336\" data-id=\"6c022336\" data-element_type=\"column\" data-e-type=\"column\">\n\t\t\t<div class=\"elementor-widget-wrap elementor-element-populated\">\n\t\t\t\t\t\t<section class=\"elementor-section elementor-inner-section elementor-element elementor-element-1ab6e45 elementor-section-full_width elementor-section-height-default elementor-section-height-default\" data-id=\"1ab6e45\" data-element_type=\"section\" data-e-type=\"section\">\r\n\t\t\t\t\t\t<div class=\"elementor-container elementor-column-gap-no\"><div class=\"elementor-row\">\r\n\t\t\t\t\t<div class=\"elementor-column elementor-col-100 elementor-inner-column elementor-element elementor-element-3c090b06\" data-id=\"3c090b06\" data-element_type=\"column\" data-e-type=\"column\">\n\t\t\t<div class=\"elementor-widget-wrap elementor-element-populated\">\n\t\t\t\t\t\t<div class=\"elementor-element elementor-element-734f8d6a elementor-widget-divider--view-line_icon elementor-view-default elementor-widget-divider--element-align-center flex-horizontal-align-default flex-horizontal-align-tablet-default flex-horizontal-align-mobile-default flex-vertical-align-default flex-vertical-align-tablet-default flex-vertical-align-mobile-default elementor-widget elementor-widget-divider\" data-id=\"734f8d6a\" data-element_type=\"widget\" data-e-type=\"widget\" data-widget_type=\"divider.default\">\n\t\t\t\t\t\t\t<div class=\"elementor-divider\">\n\t\t\t<span class=\"elementor-divider-separator\">\n\t\t\t\t\t\t\t<div class=\"elementor-icon elementor-divider__element\">\n\t\t\t\t\t<\/div>\n\t\t\t\t\t\t<\/span>\n\t\t<\/div>\n\t\t\t\t\t\t<\/div>\n\t\t\t\t<div class=\"elementor-element elementor-element-2d8ef033 flex-horizontal-align-default flex-horizontal-align-tablet-default flex-horizontal-align-mobile-default flex-vertical-align-default flex-vertical-align-tablet-default flex-vertical-align-mobile-default elementor-widget elementor-widget-heading\" data-id=\"2d8ef033\" data-element_type=\"widget\" data-e-type=\"widget\" data-widget_type=\"heading.default\">\n\t\t\t\t\t<h2 class=\"elementor-heading-title elementor-size-default\">Din rejse til et nyt liv i Italien begynder her<\/h2>\t\t\t\t<\/div>\n\t\t\t\t<div class=\"elementor-element elementor-element-419349bd flex-horizontal-align-default flex-horizontal-align-tablet-default flex-horizontal-align-mobile-default flex-vertical-align-default flex-vertical-align-tablet-default flex-vertical-align-mobile-default elementor-widget elementor-widget-thegem-styledbutton\" data-id=\"419349bd\" data-element_type=\"widget\" data-e-type=\"widget\" data-settings=\"{&quot;show_separator&quot;:&quot;yes&quot;,&quot;effects_enabled&quot;:&quot;yes&quot;,&quot;thegem_button_skin&quot;:&quot;flat&quot;}\" data-widget_type=\"thegem-styledbutton.default\">\n\t\t\t\t<div class=\"elementor-widget-container\">\n\t\t\t\t\t\n<div class=\"gem-button-container gem-widget-button gem-button-position-center gem-button-with-separator lazy-loading\">\n\n\t\t\t<div class=\"gem-button-separator gem-button-separator-type-single\">\n\t\t\t<div class=\"gem-button-separator-holder\">\n\t<div class=\"gem-button-separator-line\" style=\"border-color:#FFFFFF\">\n\t\t\t<\/div>\n<\/div>\t\t\t<div class=\"gem-button-separator-button\">\n\t\t<a class=\"lazy-loading-item gem-button gem-button-size-medium gem-button-text-weight-bold gem-button-style-flat\" data-ll-effect=\"drop-right-without-wrap\" href=\"https:\/\/magictowns.it\/da\/kontakt-os\/\">\n\t\t<span class=\"gem-inner-wrapper-btn\">\n\t\t\t\t\t\t<span class=\"gem-text-button\">\n\t\t\t\tKontakt os\t\t\t<\/span>\n\t\t<\/span>\n\t<\/a>\n\n\t\t\t\t<\/div>\n\t\t\t<div class=\"gem-button-separator-holder\">\n\t<div class=\"gem-button-separator-line\" style=\"border-color:#FFFFFF\">\n\t\t\t<\/div>\n<\/div>\t\t<\/div>\n\t\n<\/div>\t\t\t\t<\/div>\n\t\t\t\t<\/div>\n\t\t\t\t\t<\/div>\n\t\t<\/div>\n\t\t\t\t\t<\/div><\/div>\r\n\t\t<\/section>\r\n\t\t\t\t\t<\/div>\n\t\t<\/div>\n\t\t\t\t\t<\/div><\/div>\r\n\t\t<\/section>\r\n\t\t\t\t<\/div>","protected":false},"excerpt":{"rendered":"<p>Vores vision Magic Towns, der er etableret af expats for expats, v\u00e6rds\u00e6tter den sp\u00e6ndende, men ogs\u00e5 skr\u00e6mmende proces det er at starte p\u00e5 en frisk i et...<\/p>","protected":false},"author":1,"featured_media":0,"parent":0,"menu_order":0,"comment_status":"closed","ping_status":"closed","template":"elementor_header_footer","meta":{"_acf_changed":false,"_helpful_status":1,"sync_status":"","episode_type":"","audio_file":"","podmotor_file_id":"","podmotor_episode_id":"","castos_file_data":"","cover_image":"","cover_image_id":"","duration":"","filesize":"","filesize_raw":"","date_recorded":"","explicit":"","block":"","itunes_episode_number":"","itunes_title":"","itunes_season_number":"","itunes_episode_type":"","footnotes":""},"class_list":["post-10129","page","type-page","status-publish"],"acf":[],"_links":{"self":[{"href":"https:\/\/magictowns.it\/da\/wp-json\/wp\/v2\/pages\/10129","targetHints":{"allow":["GET"]}}],"collection":[{"href":"https:\/\/magictowns.it\/da\/wp-json\/wp\/v2\/pages"}],"about":[{"href":"https:\/\/magictowns.it\/da\/wp-json\/wp\/v2\/types\/page"}],"author":[{"embeddable":true,"href":"https:\/\/magictowns.it\/da\/wp-json\/wp\/v2\/users\/1"}],"replies":[{"embeddable":true,"href":"https:\/\/magictowns.it\/da\/wp-json\/wp\/v2\/comments?post=10129"}],"version-history":[{"count":9,"href":"https:\/\/magictowns.it\/da\/wp-json\/wp\/v2\/pages\/10129\/revisions"}],"predecessor-version":[{"id":45840,"href":"https:\/\/magictowns.it\/da\/wp-json\/wp\/v2\/pages\/10129\/revisions\/45840"}],"wp:attachment":[{"href":"https:\/\/magictowns.it\/da\/wp-json\/wp\/v2\/media?parent=10129"}],"curies":[{"name":"wp","href":"https:\/\/api.w.org\/{rel}","templated":true}]}}